{"id":12103,"date":"2025-04-04T12:31:07","date_gmt":"2025-04-04T12:31:07","guid":{"rendered":"https:\/\/www.avicennahastane.com\/home\/"},"modified":"2026-03-16T08:41:21","modified_gmt":"2026-03-16T08:41:21","slug":"home","status":"publish","type":"page","link":"https:\/\/www.avicennahastane.com\/fr\/","title":{"rendered":""},"content":{"rendered":"\n<div class=\"gb-carousel gb-carousel-23482850\" data-slides-per-view=\"1\" data-space-between=\"0px\" data-loop=\"true\" data-pagination-type=\"bullets\" data-autoplay-enabled=\"true\" data-autoplay-delay=\"3500\" data-grab-cursor=\"false\" data-autoplay-disable-on-interaction=\"false\" data-autoplay-pause-on-mouse-enter=\"false\" data-carousel-id=\"23482850\">\n<div class=\"gb-carousel-items gb-carousel-items-c022b710\">\n<div class=\"gb-carousel-item gb-carousel-item-146656be\">\n<div class=\"gb-element-717e67c5\">\n<h1 class=\"gb-text gb-text-8ccdef95\">Angiographie par Scanner (Angio-TDM)<\/h1>\n\n\n\n<p class=\"has-text-color\" style=\"color:#ffffff;font-size:23px\">D\u00e9couvrez votre risque de crise cardiaque en 15 minutes !<\/p>\n\n\n\n<a class=\"gb-text gb-text-0f54a645\" href=\"#tibbi-danisma\">Contactez-nous<\/a>\n<\/div>\n<\/div>\n\n\n\n<div class=\"gb-carousel-item gb-carousel-item-76ba91b4\">\n<div class=\"gb-element-23152b40\">\n<h1 class=\"gb-text gb-text-3b8e12e2\">Nous sommes \u00e0 vos c\u00f4t\u00e9s durant les moments les plus pr\u00e9cieux de la vie.<\/h1>\n\n\n\n<p class=\"has-text-color\" style=\"color:#ffffff;font-size:20px\">De suivi de grossesse \u00e0 la chirurgie gyn\u00e9cologique avanc\u00e9e, nous r\u00e9pondons \u00e0 tous vos besoins en mati\u00e8re de sant\u00e9 f\u00e9minine gr\u00e2ce \u00e0 notre \u00e9quipe de m\u00e9decins sp\u00e9cialistes et \u00e0 notre infrastructure m\u00e9dicale moderne.<\/p>\n\n\n\n<a class=\"gb-text gb-text-70024037\" href=\"https:\/\/www.avicennahastane.com\/kadin-hastaliklari-ve-dogum\/\">Obtenir des informations<\/a>\n<\/div>\n<\/div>\n\n\n\n<div class=\"gb-carousel-item gb-carousel-item-a45b12d1\">\n<div class=\"gb-element-066e2814\">\n<h1 class=\"gb-text gb-text-af336ba9\">Chirurgie Cardiovasculaire<\/h1>\n\n\n\n<p class=\"has-text-color\" style=\"color:#ffffff;font-size:23px\">Vers un avenir plus sain gr\u00e2ce \u00e0 notre technologie de pointe et \u00e0 notre \u00e9quipe exp\u00e9riment\u00e9e en chirurgie cardiovasculaire.<\/p>\n\n\n\n<a class=\"gb-text gb-text-0e24849a\" href=\"#tibbi-danisma\">Contactez-nous<\/a>\n<\/div>\n<\/div>\n\n\n\n<div class=\"gb-carousel-item gb-carousel-item-a89107a6\">\n<div class=\"gbp-section gb-element-4dd88b55\">\n<div class=\"gbp-section__inner gb-element-647efc50\">\n<div class=\"gb-element-3b388c56\">\n<h1 class=\"gb-text gbp-section__headline gb-text-a431623b\">AV\u0130CENNA<\/h1>\n\n\n\n<h2 class=\"wp-block-heading has-base-2-color has-text-color has-link-color wp-elements-9fa9221283a0e12d5976bf44acb521c2\">Nous prenons bien soin de vous.<\/h2>\n\n\n\n<p class=\"gb-text gbp-section__text gb-text-16cc4a7b\">Nous sommes \u00e0 vos c\u00f4t\u00e9s avec une m\u00e9decine moderne, une \u00e9quipe d\u2019experts et une approche de service fiable.<\/p>\n\n\n\n<div class=\"gb-element-3df9f02c\">\n<a class=\"gb-text gb-text-ddce2991\" href=\"#tibbi-danisma\">Rendez-vous rapide<\/a>\n<\/div>\n<\/div>\n\n\n\n<div>\n<img loading=\"lazy\" decoding=\"async\" width=\"700\" height=\"700\" class=\"gb-media-c00684e0\" src=\"https:\/\/www.avicennahastane.com\/wp-content\/uploads\/2026\/01\/avicenna-hastanesi-ana-gorsel.webp\" title=\"avicenna-hastanesi-ana-gorsel\" alt=\"\" srcset=\"https:\/\/www.avicennahastane.com\/wp-content\/uploads\/2026\/01\/avicenna-hastanesi-ana-gorsel.webp 700w, https:\/\/www.avicennahastane.com\/wp-content\/uploads\/2026\/01\/avicenna-hastanesi-ana-gorsel-300x300.webp 300w, https:\/\/www.avicennahastane.com\/wp-content\/uploads\/2026\/01\/avicenna-hastanesi-ana-gorsel-150x150.webp 150w\" sizes=\"auto, (max-width: 700px) 100vw, 700px\">\n<\/div>\n<\/div>\n<\/div>\n<\/div>\n<\/div>\n\n\n\n<div class=\"gb-element-3b425b9f\">\n<nav aria-label=\"Carousel pagination\" role=\"navigation\" class=\"gb-carousel-pagination gb-carousel-pagination-4f67142b\" data-pagination-type=\"bullets\"><span class=\"gb-carousel-dot\" style=\"display: inline-block !important;\"><\/span><\/nav>\n<\/div>\n<\/div>\n\n\n\n<div class=\"gbp-section gb-element-3de01e55\">\n<div class=\"gbp-section gb-element-a7649b15\">\n<div class=\"gbp-section__inner gb-element-622bdabe\">\n<div>\n<p class=\"gb-text gbp-section__tagline\"> Avicenna<\/p>\n\n\n\n<h2 class=\"gb-text gbp-section__headline\">La technologie de pointe, des m\u00e9decins experts et une approche centr\u00e9e sur le patient se rencontrent chez Avicenna.<\/h2>\n\n\n\n<p class=\"gb-text gbp-section__text\"><\/p>\n<\/div>\n\n\n\n<div class=\"gb-element-72551436\">\n<a class=\"gb-text gbp-button--secondary gb-text-dca1c349\" href=\"\/hekimler\"><strong>Nos m\u00e9decins<\/strong><\/a>\n<\/div>\n<\/div>\n<\/div>\n<\/div>\n\n\n\n<div class=\"gb-element-3d9b2a04\">\n<div class=\"gbp-section gb-element-5417acaa\">\n<div class=\"gbp-section__inner gb-element-cb287a3a\">\n<div class=\"gb-element-0c6ebee8\">\n<h2 class=\"gb-text gbp-section__headline\">SERVICES PRINCIPAUX<\/h2>\n\n\n\n<p class=\"gb-text gbp-section__text\"><\/p>\n<\/div>\n\n\n\n<div class=\"gb-element-594b0c38\">\n<div class=\"gb-element-1a3c867d\">\n<img loading=\"lazy\" decoding=\"async\" width=\"800\" height=\"456\" class=\"gb-media-3a74f943\" src=\"https:\/\/www.avicennahastane.com\/wp-content\/uploads\/2026\/01\/kadin-dogum.webp\" title=\"kadin-dogum\" alt=\"\" srcset=\"https:\/\/www.avicennahastane.com\/wp-content\/uploads\/2026\/01\/kadin-dogum.webp 800w, https:\/\/www.avicennahastane.com\/wp-content\/uploads\/2026\/01\/kadin-dogum-300x171.webp 300w, https:\/\/www.avicennahastane.com\/wp-content\/uploads\/2026\/01\/kadin-dogum-768x438.webp 768w\" sizes=\"auto, (max-width: 800px) 100vw, 800px\">\n\n\n\n<p class=\"gb-text\"><strong>Confiance dans la sant\u00e9 des femmes, compassion \u00e0 l\u2019accouchement<\/strong>!<\/p>\n<\/div>\n\n\n\n<div class=\"gb-element-c52f5477\">\n<img loading=\"lazy\" decoding=\"async\" width=\"800\" height=\"457\" class=\"gb-media-eec325cb\" src=\"https:\/\/www.avicennahastane.com\/wp-content\/uploads\/2026\/01\/mr-cihazi-one-cikan.webp\" title=\"mr-cihazi-one-cikan\" alt=\"\" srcset=\"https:\/\/www.avicennahastane.com\/wp-content\/uploads\/2026\/01\/mr-cihazi-one-cikan.webp 800w, https:\/\/www.avicennahastane.com\/wp-content\/uploads\/2026\/01\/mr-cihazi-one-cikan-300x171.webp 300w, https:\/\/www.avicennahastane.com\/wp-content\/uploads\/2026\/01\/mr-cihazi-one-cikan-768x439.webp 768w\" sizes=\"auto, (max-width: 800px) 100vw, 800px\">\n\n\n\n<p class=\"gb-text\"><strong>IRM assist\u00e9e par intelligence artificielle et imagerie avanc\u00e9e<\/strong>!<\/p>\n<\/div>\n<\/div>\n<\/div>\n<\/div>\n<\/div>\n\n\n\n<div class=\"gbp-section gb-element-b7ce95fb\">\n<div class=\"gbp-section gb-element-fce9ded9\">\n<h2 class=\"gb-text gb-text-bbb55d66\"><strong>UNIT\u00c9S M\u00c9DICALES<\/strong><\/h2>\n\n\n\n<p class=\"has-text-align-center has-base-3-color has-text-color has-link-color wp-elements-414bb028dfa749d6f48bcc94974ac518\"><strong>Nous proposons des services de sant\u00e9 adapt\u00e9s \u00e0 tous vos besoins gr\u00e2ce \u00e0 notre large \u00e9ventail de sp\u00e9cialit\u00e9s.<\/strong><\/p>\n\n\n\n<div class=\"gb-element-d31040a0\">\n<div class=\"gb-element-a7004b06\">\n<div class=\"gb-element-2995538f embed-radius\">\n<div style=\"padding:56.25% 0 0 0;position:relative;\"><iframe src=\"https:\/\/player.vimeo.com\/video\/1167683186?h=d3afdd0c52&amp;badge=0&amp;autopause=0&amp;player_id=0&amp;app_id=58479\" frameborder=\"0\" allow=\"autoplay; fullscreen; picture-in-picture; clipboard-write; encrypted-media; web-share\" referrerpolicy=\"strict-origin-when-cross-origin\" style=\"position:absolute;top:0;left:0;width:100%;height:100%;\" title=\"Avicenna\"><\/iframe><\/div><script src=\"https:\/\/player.vimeo.com\/api\/player.js\"><\/script>\n<\/div>\n<\/div>\n\n\n\n<div class=\"gbp-section__inner gb-element-2e5e4eed\">\n<a class=\"gb-element-be74a398\" href=\"\/tibbi-birimler\/kalp-ve-damar-cerrahisi\/\">\n<img loading=\"lazy\" decoding=\"async\" width=\"300\" height=\"300\" class=\"gb-media-a9b36f43\" alt=\"\" src=\"https:\/\/www.avicennahastane.com\/wp-content\/uploads\/2026\/01\/kalp-ve-damar-cerrahisi-avicenna-hastanesi.webp\" title=\"kalp-ve-damar-cerrahisi-avicenna-hastanesi\" srcset=\"https:\/\/www.avicennahastane.com\/wp-content\/uploads\/2026\/01\/kalp-ve-damar-cerrahisi-avicenna-hastanesi.webp 300w, https:\/\/www.avicennahastane.com\/wp-content\/uploads\/2026\/01\/kalp-ve-damar-cerrahisi-avicenna-hastanesi-150x150.webp 150w\" sizes=\"auto, (max-width: 300px) 100vw, 300px\">\n\n\n\n<h3 class=\"gb-text gbp-card__title gb-text-dd2e29bc\">Chirurgie cardiovasculaire<\/h3>\n<\/a>\n\n\n\n<a class=\"gb-element-d552352b\" href=\"\/tibbi-birimler\/beyin-ve-sinir-cerrahisi\/\">\n<img loading=\"lazy\" decoding=\"async\" width=\"300\" height=\"300\" class=\"gb-media-3a4c2abb\" alt=\"\" src=\"https:\/\/www.avicennahastane.com\/wp-content\/uploads\/2026\/01\/beyin-ve-sinir-cerrahisi-3.webp\" title=\"beyin-ve-sinir-cerrahisi-3\" srcset=\"https:\/\/www.avicennahastane.com\/wp-content\/uploads\/2026\/01\/beyin-ve-sinir-cerrahisi-3.webp 300w, https:\/\/www.avicennahastane.com\/wp-content\/uploads\/2026\/01\/beyin-ve-sinir-cerrahisi-3-150x150.webp 150w\" sizes=\"auto, (max-width: 300px) 100vw, 300px\">\n\n\n\n<h3 class=\"gb-text gbp-card__title gb-text-722ce159\">Neurochirurgie<\/h3>\n<\/a>\n\n\n\n<a class=\"gb-element-b0a87042\" href=\"\/tibbi-birimler\/kadin-hastaliklari-ve-dogum\/\">\n<img loading=\"lazy\" decoding=\"async\" width=\"300\" height=\"300\" class=\"gb-media-7f288972\" alt=\"\" src=\"https:\/\/www.avicennahastane.com\/wp-content\/uploads\/2026\/01\/kadin-hastaliklari-ve-dogum-avicenna-hastanesi.webp\" title=\"kadin-hastaliklari-ve-dogum-avicenna-hastanesi\" srcset=\"https:\/\/www.avicennahastane.com\/wp-content\/uploads\/2026\/01\/kadin-hastaliklari-ve-dogum-avicenna-hastanesi.webp 300w, https:\/\/www.avicennahastane.com\/wp-content\/uploads\/2026\/01\/kadin-hastaliklari-ve-dogum-avicenna-hastanesi-150x150.webp 150w\" sizes=\"auto, (max-width: 300px) 100vw, 300px\">\n\n\n\n<h3 class=\"gb-text gbp-card__title gb-text-c6253658\">Gyn\u00e9cologie et obst\u00e9trique<\/h3>\n<\/a>\n\n\n\n<a class=\"gb-element-b5fcd528\" href=\"\/tibbi-birimler\/enfeksiyon-hastaliklari\/\">\n<img loading=\"lazy\" decoding=\"async\" width=\"300\" height=\"300\" class=\"gb-media-53f1e707\" alt=\"\" src=\"https:\/\/www.avicennahastane.com\/wp-content\/uploads\/2026\/01\/enfeksiyon-hastaliklari-avicenna-hastanesi.webp\" title=\"enfeksiyon-hastaliklari-avicenna-hastanesi\" srcset=\"https:\/\/www.avicennahastane.com\/wp-content\/uploads\/2026\/01\/enfeksiyon-hastaliklari-avicenna-hastanesi.webp 300w, https:\/\/www.avicennahastane.com\/wp-content\/uploads\/2026\/01\/enfeksiyon-hastaliklari-avicenna-hastanesi-150x150.webp 150w\" sizes=\"auto, (max-width: 300px) 100vw, 300px\">\n\n\n\n<h3 class=\"gb-text gbp-card__title gb-text-8d296d29\">Maladies infectieuses<\/h3>\n<\/a>\n\n\n\n<a class=\"gb-element-b23ee2ff\" href=\"\/tibbi-birimler\/radyoloji\/\">\n<img loading=\"lazy\" decoding=\"async\" width=\"300\" height=\"300\" class=\"gb-media-d6cf711e\" alt=\"\" src=\"https:\/\/www.avicennahastane.com\/wp-content\/uploads\/2026\/01\/radyoloji-ve-goruntuleme-avicenna-hastanesi.webp\" title=\"radyoloji-ve-goruntuleme-avicenna-hastanesi\" srcset=\"https:\/\/www.avicennahastane.com\/wp-content\/uploads\/2026\/01\/radyoloji-ve-goruntuleme-avicenna-hastanesi.webp 300w, https:\/\/www.avicennahastane.com\/wp-content\/uploads\/2026\/01\/radyoloji-ve-goruntuleme-avicenna-hastanesi-150x150.webp 150w\" sizes=\"auto, (max-width: 300px) 100vw, 300px\">\n\n\n\n<h3 class=\"gb-text gbp-card__title gb-text-c7dbc4be\">Radiologie<\/h3>\n<\/a>\n\n\n\n<a class=\"gb-element-9c2afd26\" href=\"\/tibbi-birimler\/cocuk-cerrahisi\/\">\n<img loading=\"lazy\" decoding=\"async\" width=\"300\" height=\"300\" class=\"gb-media-6ff47411\" alt=\"\" src=\"https:\/\/www.avicennahastane.com\/wp-content\/uploads\/2026\/01\/cocuk-cerrahisi-avicenna-hastanesi.webp\" title=\"cocuk-cerrahisi-avicenna-hastanesi\" srcset=\"https:\/\/www.avicennahastane.com\/wp-content\/uploads\/2026\/01\/cocuk-cerrahisi-avicenna-hastanesi.webp 300w, https:\/\/www.avicennahastane.com\/wp-content\/uploads\/2026\/01\/cocuk-cerrahisi-avicenna-hastanesi-150x150.webp 150w\" sizes=\"auto, (max-width: 300px) 100vw, 300px\">\n\n\n\n<h3 class=\"gb-text gbp-card__title gb-text-8395f93f\">Chirurgie p\u00e9diatrique<\/h3>\n<\/a>\n<\/div>\n<\/div>\n\n\n\n<div class=\"gb-element-def1168d\">\n<a class=\"gb-text gbp-button--secondary gb-text-d88f8436\" href=\"\/tibbi-birimler\"><strong>Tous les services<\/strong><\/a>\n<\/div>\n<\/div>\n<\/div>\n\n\n\n<div class=\"gb-element-6412b49e\">\n<div class=\"gbp-section\">\n<div class=\"gbp-section__inner gb-element-1349ecdc\">\n<div class=\"gb-element-7d36530e\">\n<p class=\"gb-text gbp-section__tagline\">R\u00e9sultats en ligne<\/p>\n\n\n\n<h1 class=\"gb-text gbp-section__headline\">Laboratuvar Sonu\u00e7lar\u0131<\/h1>\n\n\n\n<p class=\"gb-text gbp-section__text\">Vous pouvez acc\u00e9der ici aux r\u00e9sultats des analyses que vous avez effectu\u00e9es dans notre h\u00f4pital.<\/p>\n\n\n\n<div class=\"gb-element-8f8e942e\">\n<a class=\"gb-text gbp-button--secondary gb-text-814197d5\" href=\"\/laboratuvar-sonuclari\"><strong>R\u00e9sultats en ligne<\/strong><\/a>\n<\/div>\n<\/div>\n\n\n\n<img loading=\"lazy\" decoding=\"async\" width=\"700\" height=\"464\" class=\"gb-media-727f343d\" src=\"https:\/\/www.avicennahastane.com\/wp-content\/uploads\/2026\/01\/laboratuvar-sonuclari-avicenna.webp\" title=\"laboratuvar-sonuclari-avicenna\" alt=\"\" srcset=\"https:\/\/www.avicennahastane.com\/wp-content\/uploads\/2026\/01\/laboratuvar-sonuclari-avicenna.webp 700w, https:\/\/www.avicennahastane.com\/wp-content\/uploads\/2026\/01\/laboratuvar-sonuclari-avicenna-300x199.webp 300w\" sizes=\"auto, (max-width: 700px) 100vw, 700px\">\n<\/div>\n<\/div>\n<\/div>\n\n\n\n<div class=\"gbp-section gb-element-b0f748eb\" id=\"tibbi-danisma\">\n<div class=\"gbp-section gb-element-7e2e9fa7\">\n<div class=\"gb-element-57179deb\">\n<div class=\"gb-element-6c8fd188\">\n<h3 class=\"gb-text gb-text-eea8ee94\"><strong>Nous sommes l\u00e0 pour vous !<\/strong><\/h3>\n\n\n\n<p class=\"gb-text gb-text-b6151d1a\"><strong><a href=\"tel:+902124403232\" data-type=\"tel\" data-id=\"tel:+902129639636\">+902124403232<\/a><\/strong><\/p>\n\n\n\n<h3 class=\"wp-block-heading has-text-align-left\">Adresse<\/h3>\n\n\n\n<p class=\"gb-text gb-text-75c593b9\">Menderes Mah. At\u0131\u015falan\u0131 Cd, 307. Sk. No:2<\/p>\n\n\n\n<div class=\"wp-block-buttons is-layout-flex wp-block-buttons-is-layout-flex\">\n<div class=\"wp-block-button\"><a class=\"wp-block-button__link wp-element-button\" href=\"https:\/\/share.google\/3RTSWcT28wRbwxooF\" style=\"border-radius:0px\" target=\"_blank\" rel=\"noopener\">Itin\u00e9raire<\/a><\/div>\n<\/div>\n<\/div>\n\n\n\n<div><style>.cfcf7-block .wpcf7-text, .cfcf7-block .wpcf7-textarea, .cfcf7-block input[type='number'], .cfcf7-block .wpcf7-select, .cfcf7-block .wpcf7-date { background-color: #f4f4f4; border-radius: 0.5em;  line-height:1.4em!important; } .cfcf7-block .wpcf7-text, .cfcf7-block .wpcf7-textarea, .cfcf7-block input[type='number'], .cfcf7-block .wpcf7-select, .cfcf7-block .wpcf7-date { border: none; } .cfcf7-block .wpcf7-text:focus, .cfcf7-block .wpcf7-textarea:focus, .cfcf7-block input[type='number']:focus, .cfcf7-block .wpcf7-select:focus, .cfcf7-block .wpcf7-date:focus { outline-width: 1px; } .cfcf7-block .wpcf7-text:focus, .cfcf7-block .wpcf7-textarea:focus, .cfcf7-block input[type='number']:focus, .cfcf7-block .wpcf7-select:focus, .cfcf7-block .wpcf7-date:focus { outline-offset: 1px; } .cfcf7-block .wpcf7-text:focus, .cfcf7-block .wpcf7-textarea:focus, .cfcf7-block input[type='number']:focus, .cfcf7-block .wpcf7-select:focus, .cfcf7-block .wpcf7-date:focus { outline-color: #403B40; } .cfcf7-block .wpcf7-text, .cfcf7-block .wpcf7-textarea, .cfcf7-block input[type='number'], .cfcf7-block .wpcf7-select, .cfcf7-block .wpcf7-date{ box-shadow: 0em 0.1em 1em -0.9em #403b40 inset;} .wpcf7 label{ font-size:1.1em!important;}  .wpcf7 label{ font-weight:400!important;}  .wpcf7 label{ line-height:2em!important;}   .wpcf7 label, .wpcf7 form p a, .wpcf7 form p{ color: #8C8E98!important; } .wpcf7 label{ line-height: 2em;} .cfcf7-block .wpcf7-text, .cfcf7-block .wpcf7-textarea, .cfcf7-block input[type='number'], .cfcf7-block .wpcf7-select, .cfcf7-block .wpcf7-date{font-size:0.9em!important;}  .cfcf7-block .wpcf7-text, .cfcf7-block .wpcf7-textarea, .cfcf7-block input[type='number'], .cfcf7-block .wpcf7-select, .cfcf7-block .wpcf7-date{ color: #545054;} .wpcf7 ::placeholder{ color: var(--accent)} .cfcf7-block .wpcf7-text, .cfcf7-block .wpcf7-textarea, .cfcf7-block input[type='number'], .cfcf7-block .wpcf7-select, .cfcf7-block .wpcf7-date{ padding: 0.6em 0.6em; } .wpcf7-submit, .wpcf7-submit-wrapper{ background: var(--accent-2)!important; line-height:1.5em!important;} .cfcf7-block .wpcf7-submit{font-size:1em!important; }  .cfcf7-block .wpcf7-submit{ text-transform: capitalize!important; } .cfcf7-block .wpcf7-submit{ font-weight:400!important;}  .cfcf7-block .wpcf7-submit{color: white!important;}  .cfcf7-block .wpcf7-submit{padding-top:0.9em!important; padding-bottom:0.9em!important; }  .cfcf7-block .wpcf7-submit{padding-left:4em; padding-right:4em ; }  .cfcf7-block\r\n .wpcf7-submit{ width: 100%; } .cfcf7-block .wpcf7-submit{ border-radius: 0.5em!important;} .cfcf7-block .wpcf7-submit{ border: none;} .cfcf7-block .wpcf7-submit{box-shadow:0em 0.3em 1em -0.6em grey;} .cfcf7-block .wpcf7-submit:hover{box-shadow:none!important;} \r\n        @media only screen and (min-width: 361px) and (max-width: 780px) {\r\n            .cfcf7-block\r\n            { \r\n                font-size: 16px!important; \r\n                margin-top: 0em!important; \r\n                margin-left: 0em!important; \r\n                margin-right: 0em!important; \r\n                margin-bottom: 0em!important;\r\n                padding-top: 1.6em!important; \r\n                padding-left: 2.2em!important; \r\n                padding-right: 2.2em!important; \r\n                padding-bottom: 1.6em!important; \r\n            } \r\n            .cfcf7-block .wpcf7-submit{ width: 100%!important; \r\n        }} \r\n@media only screen and (max-width: 360px) {\r\n    .cfcf7-block\r\n{ \r\n                font-size: 16px!important; \r\n                margin-top: 1em!important; \r\n                margin-left: -0.5em!important; \r\n                margin-right: -0.5em!important; \r\n                margin-bottom: 1em!important;\r\n                padding-top: 2em!important; \r\n                padding-left: 1.5em!important; \r\n                padding-right: 1.5em!important; \r\n                padding-bottom: 2em!important; \r\n            } \r\n            .cfcf7-block .wpcf7-submit{ width: 100%!important; \r\n        }}<\/style><div class=\"cfcf7-block-container\"><div style=\"background-color:#fff; line-height: 1.4em!important; font-size:16px;  padding-top:2em; padding-left:3em; padding-right:3em; padding-bottom:2em; margin-top:0em; margin-left:0em; margin-right:0em; margin-bottom:0em; border-radius: 2em; box-shadow:0em 0.5em 5em -3em black; border-color:black; \" class=\"cfcf7-block wp-block-mofistudio-customizer-block-cf7\">\n<div class=\"wpcf7 no-js\" id=\"wpcf7-f10982-o1\" lang=\"tr-TR\" dir=\"ltr\" data-wpcf7-id=\"10982\">\n<div class=\"screen-reader-response\"><p role=\"status\" aria-live=\"polite\" aria-atomic=\"true\"><\/p> <ul><\/ul><\/div>\n<form action=\"\/fr\/wp-json\/wp\/v2\/pages\/12103#wpcf7-f10982-o1\" method=\"post\" class=\"wpcf7-form init\" aria-label=\"\u0130leti\u015fim Formu\" novalidate=\"novalidate\" data-status=\"init\">\n<fieldset class=\"hidden-fields-container\"><input type=\"hidden\" name=\"_wpcf7\" value=\"10982\" \/><input type=\"hidden\" name=\"_wpcf7_version\" value=\"6.1.5\" \/><input type=\"hidden\" name=\"_wpcf7_locale\" value=\"tr_TR\" \/><input type=\"hidden\" name=\"_wpcf7_unit_tag\" value=\"wpcf7-f10982-o1\" \/><input type=\"hidden\" name=\"_wpcf7_container_post\" value=\"0\" \/><input type=\"hidden\" name=\"_wpcf7_posted_data_hash\" value=\"\" \/>\n<\/fieldset>\n<h3 class=\"deneme\">T\u0131bbi Dan\u0131\u015fma\n<\/h3>\n<div class=\"cf-container\">\n\t<div class=\"cf-col-12\">\n\t\t<p><label><span class=\"wpcf7-form-control-wrap\" data-name=\"your-name\"><input size=\"40\" maxlength=\"400\" class=\"wpcf7-form-control wpcf7-text wpcf7-validates-as-required\" autocomplete=\"name\" aria-required=\"true\" aria-invalid=\"false\" placeholder=\"Ad Soyad\" value=\"\" type=\"text\" name=\"your-name\" \/><\/span><\/label>\n\t\t<\/p>\n\t<\/div>\n\t<div class=\"cf-col-6\">\n\t\t<p><label><span class=\"wpcf7-form-control-wrap\" data-name=\"phonetext-784\"><input size=\"40\" class=\"wpcf7-form-control wpcf7-phonetext wpcf7-text wpcf7-validates-as-phonetext\" aria-invalid=\"false\" value=\"\" type=\"text\" name=\"phonetext-784\" \/><input type=\"hidden\" name=\"phonetext-784-country-code\" class=\"wpcf7-phonetext-country-code\" \/><\/span><\/label>\n\t\t<\/p>\n\t<\/div>\n\t<div class=\"cf-col-6\">\n\t\t<p><label><span class=\"wpcf7-form-control-wrap\" data-name=\"your-email\"><input size=\"40\" maxlength=\"400\" class=\"wpcf7-form-control wpcf7-email wpcf7-validates-as-required wpcf7-text wpcf7-validates-as-email\" autocomplete=\"email\" aria-required=\"true\" aria-invalid=\"false\" placeholder=\"Eposta\" value=\"\" type=\"email\" name=\"your-email\" \/><\/span><\/label>\n\t\t<\/p>\n\t<\/div>\n\t<div class=\"cf-col-12\">\n\t\t<p><label><span class=\"wpcf7-form-control-wrap\" data-name=\"your-message\"><textarea cols=\"40\" rows=\"10\" maxlength=\"2000\" class=\"wpcf7-form-control wpcf7-textarea\" aria-invalid=\"false\" placeholder=\"Mesaj\u0131n\u0131z\" name=\"your-message\"><\/textarea><\/span><\/label>\n\t\t<\/p>\n\t<\/div>\n<\/div>\n<p><input class=\"wpcf7-form-control wpcf7-submit has-spinner\" type=\"submit\" value=\"G\u00f6nder\" \/>\n<\/p><div class=\"wpcf7-response-output\" aria-hidden=\"true\"><\/div>\n<\/form>\n<\/div>\n<\/div><\/div><\/div>\n<\/div>\n<\/div>\n<\/div>\n\n\n\n<div class=\"gb-element-beedefdb\">\n<h2 class=\"wp-block-heading\"><strong>Guide de Sant\u00e9<\/strong><\/h2>\n\n\n\n<div class=\"gb-element-b6ccd664\">\n<p class=\"has-text-align-center\"><strong>Acc\u00e9dez \u00e0 des sources fiables et pertinentes pour prot\u00e9ger votre sant\u00e9 et celle de vos proches gr\u00e2ce \u00e0 des conseils pratiques et aux avis d\u2019experts qui vous aideront \u00e0 adopter un mode de vie plus sain au quotidien.<\/strong><\/p>\n<\/div>\n\n\n\n<div class=\"gbp-section\">\n<div class=\"gbp-section__inner gb-element-f2e884f2\">\n<div><\/div>\n<\/div>\n<\/div>\n<\/div>\n","protected":false},"excerpt":{"rendered":"<p>Avicenna La technologie de pointe, des m\u00e9decins experts et une approche centr\u00e9e sur le patient se rencontrent chez Avicenna. Nos m\u00e9decins SERVICES PRINCIPAUX Confiance dans la sant\u00e9 des femmes, compassion \u00e0 l\u2019accouchement! IRM assist\u00e9e par intelligence artificielle et imagerie avanc\u00e9e! UNIT\u00c9S M\u00c9DICALES Nous proposons des services de sant\u00e9 adapt\u00e9s \u00e0 tous vos besoins gr\u00e2ce \u00e0 &#8230; <a title=\"\" class=\"read-more\" href=\"https:\/\/www.avicennahastane.com\/fr\/\" aria-label=\"En savoir plus sur \">Lire plus<\/a><\/p>\n","protected":false},"author":1,"featured_media":0,"parent":0,"menu_order":0,"comment_status":"closed","ping_status":"closed","template":"","meta":{"_acf_changed":false,"_jet_sm_ready_style":"","_jet_sm_style":"","_jet_sm_controls_values":"","_jet_sm_fonts_collection":"","_jet_sm_fonts_links":"","iawp_total_views":50,"footnotes":""},"class_list":{"0":"post-12103","1":"page","2":"type-page","3":"status-publish","5":"infinite-scroll-item"},"acf":[],"_links":{"self":[{"href":"https:\/\/www.avicennahastane.com\/fr\/wp-json\/wp\/v2\/pages\/12103","targetHints":{"allow":["GET"]}}],"collection":[{"href":"https:\/\/www.avicennahastane.com\/fr\/wp-json\/wp\/v2\/pages"}],"about":[{"href":"https:\/\/www.avicennahastane.com\/fr\/wp-json\/wp\/v2\/types\/page"}],"author":[{"embeddable":true,"href":"https:\/\/www.avicennahastane.com\/fr\/wp-json\/wp\/v2\/users\/1"}],"replies":[{"embeddable":true,"href":"https:\/\/www.avicennahastane.com\/fr\/wp-json\/wp\/v2\/comments?post=12103"}],"version-history":[{"count":2,"href":"https:\/\/www.avicennahastane.com\/fr\/wp-json\/wp\/v2\/pages\/12103\/revisions"}],"predecessor-version":[{"id":12121,"href":"https:\/\/www.avicennahastane.com\/fr\/wp-json\/wp\/v2\/pages\/12103\/revisions\/12121"}],"wp:attachment":[{"href":"https:\/\/www.avicennahastane.com\/fr\/wp-json\/wp\/v2\/media?parent=12103"}],"curies":[{"name":"wp","href":"https:\/\/api.w.org\/{rel}","templated":true}]}}